{"id":2584,"date":"2025-08-25T14:25:18","date_gmt":"2025-08-25T14:25:18","guid":{"rendered":"https:\/\/stickydoo.hu\/termek\/voitures-de-sport\/"},"modified":"2025-10-13T12:38:52","modified_gmt":"2025-10-13T10:38:52","slug":"voitures-de-sport","status":"publish","type":"product","link":"https:\/\/stickydoo.hu\/fr\/termek\/voitures-de-sport\/","title":{"rendered":"Voitures de sport"},"content":{"rendered":"<p style=\"text-align: left;\" data-start=\"366\" data-end=\"456\"><strong data-start=\"366\" data-end=\"380\">Mat\u00e9riau :<\/strong> textile polyester (170 g\/m\u00b2)<br data-start=\"409\" data-end=\"412\"><strong data-start=\"412\" data-end=\"424\">Surface :<\/strong> blanche, l\u00e9g\u00e8rement textur\u00e9e, mate<\/p>\n<ul style=\"text-align: left;\" data-start=\"458\" data-end=\"774\">\n<li data-start=\"458\" data-end=\"530\">\n<p data-start=\"460\" data-end=\"530\"><strong data-start=\"460\" data-end=\"495\">Repositionnable et r\u00e9utilisable<\/strong> \u2013 tu peux le d\u00e9placer o\u00f9 tu veux.<\/p>\n<\/li>\n<li data-start=\"531\" data-end=\"603\">\n<p data-start=\"533\" data-end=\"603\">Mat\u00e9riau souple type textile \u2013 <strong data-start=\"563\" data-end=\"600\">ne se d\u00e9chire pas, ne se froisse pas durablement<\/strong>.<\/p>\n<\/li>\n<li data-start=\"604\" data-end=\"656\">\n<p data-start=\"606\" data-end=\"656\">S&rsquo;il se froisse, il <strong data-start=\"630\" data-end=\"653\">se lisse facilement<\/strong>.<\/p>\n<\/li>\n<li data-start=\"657\" data-end=\"734\">\n<p data-start=\"659\" data-end=\"734\">Gr\u00e2ce \u00e0 son dos gris, il couvre bien et <strong data-start=\"704\" data-end=\"723\">ne laisse pas de traces<\/strong> sur le mur.<\/p>\n<\/li>\n<li data-start=\"735\" data-end=\"774\">\n<p data-start=\"737\" data-end=\"774\">Peut \u00eatre coll\u00e9 sur des surfaces color\u00e9es.<\/p>\n<\/li>\n<\/ul>\n<hr data-start=\"776\" data-end=\"779\">\n<h2 style=\"text-align: left;\">Dimensions<\/h2>\n<p style=\"text-align: left;\">Les dimensions sont donn\u00e9es en <b>format de feuille<\/b>, la taille moyenne des autocollants individuels est de 10 \u00e0 35 cm.<\/p>\n<ul style=\"text-align: left;\">\n<li><b>Taille S :<\/b> 440 \u00d7 700 mm<\/li>\n<li><b>Taille M :<\/b> 440 \u00d7 1200 mm<\/li>\n<li><b>Taille L :<\/b> 630 \u00d7 1200 mm<\/li>\n<\/ul>\n<p style=\"text-align: left;\"><b>Pour l&rsquo;inscription personnalis\u00e9e \u00ab royaume \u00bb :<\/b><br \/>\nLe texte \u00ab royaume de \u00bb + pr\u00e9nom de l&rsquo;enfant fait environ <b>320 \u00d7 150 mm<\/b>, identique pour toutes les tailles.<\/p>\n<hr data-start=\"1097\" data-end=\"1100\">\n<h2 style=\"text-align: left;\" data-start=\"1102\" data-end=\"1123\">O\u00f9 les coller ?<\/h2>\n<p style=\"text-align: left;\" data-start=\"1125\" data-end=\"1184\">Les stickers adh\u00e8rent bien sur <strong data-start=\"1136\" data-end=\"1168\">presque toutes les surfaces lisses<\/strong> :<\/p>\n<ul style=\"text-align: left;\" data-start=\"1186\" data-end=\"1305\">\n<li data-start=\"1186\" data-end=\"1218\">\n<p data-start=\"1188\" data-end=\"1218\">mur peint (peinture lisse)<\/p>\n<\/li>\n<li data-start=\"1219\" data-end=\"1249\">\n<p data-start=\"1221\" data-end=\"1249\">papier peint \u00e0 fibres peint<\/p>\n<\/li>\n<li data-start=\"1250\" data-end=\"1260\">\n<p data-start=\"1252\" data-end=\"1260\">papier peint<\/p>\n<\/li>\n<li data-start=\"1261\" data-end=\"1276\">\n<p data-start=\"1263\" data-end=\"1276\">verre, miroir<\/p>\n<\/li>\n<li data-start=\"1277\" data-end=\"1284\">\n<p data-start=\"1279\" data-end=\"1284\">m\u00e9tal<\/p>\n<\/li>\n<li data-start=\"1285\" data-end=\"1294\">\n<p data-start=\"1287\" data-end=\"1294\">meuble<\/p>\n<\/li>\n<li data-start=\"1295\" data-end=\"1305\">\n<p data-start=\"1297\" data-end=\"1305\">carrelage<\/p>\n<\/li>\n<\/ul>\n<hr data-start=\"1307\" data-end=\"1310\">\n<h2 style=\"text-align: left;\" data-start=\"1312\" data-end=\"1337\">Points \u00e0 surveiller<\/h2>\n<p style=\"text-align: left;\" data-start=\"1339\" data-end=\"1422\">Pour que le sticker soit beau et dure longtemps, fais attention \u00e0 quelques d\u00e9tails :<\/p>\n<ul style=\"text-align: left;\" data-start=\"1424\" data-end=\"1742\">\n<li data-start=\"1424\" data-end=\"1495\">\n<p data-start=\"1426\" data-end=\"1495\">Sur un <strong data-start=\"1426\" data-end=\"1451\">mur fra\u00eechement peint<\/strong>, attends environ <strong data-start=\"1461\" data-end=\"1484\">6 semaines de s\u00e9chage<\/strong> avant de coller.<\/p>\n<\/li>\n<li data-start=\"1496\" data-end=\"1549\">\n<p data-start=\"1498\" data-end=\"1549\">Pose-le sur une <strong data-start=\"1498\" data-end=\"1538\">surface propre, sans poussi\u00e8re ni graisse<\/strong>.<\/p>\n<\/li>\n<li data-start=\"1550\" data-end=\"1670\">\n<p data-start=\"1552\" data-end=\"1670\">Sur les peintures sp\u00e9ciales (t\u00e9flon, latex ou silicone), malheureusement aucun sticker n&rsquo;adh\u00e8re.<\/p>\n<\/li>\n<li data-start=\"1671\" data-end=\"1742\">\n<p data-start=\"1673\" data-end=\"1742\">L&rsquo;utilisation n&rsquo;est pas recommand\u00e9e sur les murs endommag\u00e9s, bomb\u00e9s ou ayant subi des d\u00e9g\u00e2ts des eaux.<\/p>\n<\/li>\n<\/ul>\n<hr data-start=\"1744\" data-end=\"1747\">\n<h2 style=\"text-align: left;\" data-start=\"1749\" data-end=\"1769\">Conseils d&rsquo;utilisation<\/h2>\n<ul data-start=\"1771\" data-end=\"2019\">\n<li style=\"text-align: left;\" data-start=\"1771\" data-end=\"1826\">\n<p data-start=\"1773\" data-end=\"1826\">Ne pas placer \u00e0 proximit\u00e9 directe d&rsquo;une source de chaleur (ex. radiateur).<\/p>\n<\/li>\n<li style=\"text-align: left;\" data-start=\"1827\" data-end=\"1917\">\n<p data-start=\"1829\" data-end=\"1917\">Apr\u00e8s le d\u00e9ballage, il est conseill\u00e9 de <strong data-start=\"1866\" data-end=\"1886\">stocker le sticker \u00e0 plat<\/strong>, ne pas le laisser enroul\u00e9 trop longtemps.<\/p>\n<\/li>\n<li style=\"text-align: left;\" data-start=\"1918\" data-end=\"1962\">\n<p data-start=\"1920\" data-end=\"1962\">Ne pas exposer durablement \u00e0 la lumi\u00e8re directe du soleil.<\/p>\n<\/li>\n<li data-start=\"1963\" data-end=\"2019\">\n<p style=\"text-align: left;\" data-start=\"1965\" data-end=\"2019\">Coller hors de port\u00e9e des jeunes enfants.<\/p>\n<\/li>\n<\/ul>\n","protected":false},"excerpt":{"rendered":"<p style=\"text-align: center;\"><span style=\"font-weight: 400;\">Sur la piste de course, des voitures color\u00e9es filent \u00e0 toute allure, chacune aspirant \u00e0 la victoire. La rouge d\u00e9passe comme un \u00e9clair, la bleue prend des virages serr\u00e9s, et la jaune avance r\u00e9solument vers la ligne d&rsquo;arriv\u00e9e.  <\/span><\/p>\n<p style=\"text-align: center;\"><span style=\"font-weight: 400;\">Qui sera le h\u00e9ros de la course aujourd&rsquo;hui ?<\/span><\/p>\n","protected":false},"featured_media":3992,"comment_status":"open","ping_status":"closed","template":"","meta":[],"product_brand":[],"product_cat":[43],"product_tag":[],"class_list":{"0":"post-2584","1":"product","2":"type-product","3":"status-publish","4":"has-post-thumbnail","6":"product_cat-sets-stickydoo","8":"first","9":"instock","10":"taxable","11":"shipping-taxable","12":"purchasable","13":"product-type-variable"},"_links":{"self":[{"href":"https:\/\/stickydoo.hu\/fr\/wp-json\/wp\/v2\/product\/2584","targetHints":{"allow":["GET"]}}],"collection":[{"href":"https:\/\/stickydoo.hu\/fr\/wp-json\/wp\/v2\/product"}],"about":[{"href":"https:\/\/stickydoo.hu\/fr\/wp-json\/wp\/v2\/types\/product"}],"replies":[{"embeddable":true,"href":"https:\/\/stickydoo.hu\/fr\/wp-json\/wp\/v2\/comments?post=2584"}],"wp:featuredmedia":[{"embeddable":true,"href":"https:\/\/stickydoo.hu\/fr\/wp-json\/wp\/v2\/media\/3992"}],"wp:attachment":[{"href":"https:\/\/stickydoo.hu\/fr\/wp-json\/wp\/v2\/media?parent=2584"}],"wp:term":[{"taxonomy":"product_brand","embeddable":true,"href":"https:\/\/stickydoo.hu\/fr\/wp-json\/wp\/v2\/product_brand?post=2584"},{"taxonomy":"product_cat","embeddable":true,"href":"https:\/\/stickydoo.hu\/fr\/wp-json\/wp\/v2\/product_cat?post=2584"},{"taxonomy":"product_tag","embeddable":true,"href":"https:\/\/stickydoo.hu\/fr\/wp-json\/wp\/v2\/product_tag?post=2584"}],"curies":[{"name":"wp","href":"https:\/\/api.w.org\/{rel}","templated":true}]}}