{"id":4895,"date":"2025-08-25T14:25:18","date_gmt":"2025-08-25T14:25:18","guid":{"rendered":"https:\/\/stickydoo.hu\/termek\/sportwagen-zaubersticker-set\/"},"modified":"2025-08-25T14:25:18","modified_gmt":"2025-08-25T12:25:18","slug":"sportwagen-zaubersticker-set","status":"publish","type":"product","link":"https:\/\/stickydoo.hu\/de\/termek\/sportwagen-zaubersticker-set\/","title":{"rendered":"Sportwagen Zaubersticker-Set"},"content":{"rendered":"<p style=\"text-align: left;\" data-start=\"366\" data-end=\"456\"><strong data-start=\"366\" data-end=\"380\">Material:<\/strong> Polyester-Textil (170 g\/m\u00b2)<br data-start=\"409\" data-end=\"412\"><strong data-start=\"412\" data-end=\"424\">Oberfl\u00e4che:<\/strong> wei\u00df, leicht texturiert, matt<\/p>\n<ul style=\"text-align: left;\" data-start=\"458\" data-end=\"774\">\n<li data-start=\"458\" data-end=\"530\">\n<p data-start=\"460\" data-end=\"530\"><strong data-start=\"460\" data-end=\"495\">Wiederverwendbar und repositionierbar<\/strong> \u2013 du kannst sie jederzeit woanders anbringen.<\/p>\n<\/li>\n<li data-start=\"531\" data-end=\"603\">\n<p data-start=\"533\" data-end=\"603\">Flexibles, textilartiges Material \u2013 <strong data-start=\"563\" data-end=\"600\">rei\u00dft nicht, knittert nicht dauerhaft<\/strong>.<\/p>\n<\/li>\n<li data-start=\"604\" data-end=\"656\">\n<p data-start=\"606\" data-end=\"656\">Falls sie doch knittert, l\u00e4sst sie sich <strong data-start=\"630\" data-end=\"653\">leicht gl\u00e4tten<\/strong>.<\/p>\n<\/li>\n<li data-start=\"657\" data-end=\"734\">\n<p data-start=\"659\" data-end=\"734\">Dank der grauen R\u00fcckseite deckt sie gut und <strong data-start=\"704\" data-end=\"723\">hinterl\u00e4sst keine Spuren<\/strong> an der Wand.<\/p>\n<\/li>\n<li data-start=\"735\" data-end=\"774\">\n<p data-start=\"737\" data-end=\"774\">Kann auch auf farbige Oberfl\u00e4chen geklebt werden.<\/p>\n<\/li>\n<\/ul>\n<hr data-start=\"776\" data-end=\"779\">\n<h2 style=\"text-align: left;\">Gr\u00f6\u00dfen<\/h2>\n<p style=\"text-align: left;\">Die Gr\u00f6\u00dfen beziehen sich auf die <b>Bogengr\u00f6\u00dfe<\/b>.<\/p>\n<ul style=\"text-align: left;\">\n<li><b>Gr\u00f6\u00dfe XS:<\/b> 210 \u00d7 300 mm<\/li>\n<li><b>Gr\u00f6\u00dfe S:<\/b> 440 \u00d7 700 mm<\/li>\n<li><b>Gr\u00f6\u00dfe M:<\/b> 440 \u00d7 1200 mm<\/li>\n<li><b>Gr\u00f6\u00dfe L:<\/b> 630 \u00d7 1200 mm<\/li>\n<\/ul>\n<p style=\"text-align: left;\"><b>Bei personalisiertem \u201eReich\u201c-Schriftzug:<\/b><br \/>\nName des Kindes + \u201eReich\u201c-Text 1200 mm breit.<\/p>\n<hr data-start=\"1097\" data-end=\"1100\">\n<h2 style=\"text-align: left;\" data-start=\"1102\" data-end=\"1123\">Wo kannst du sie anbringen?<\/h2>\n<p style=\"text-align: left;\" data-start=\"1125\" data-end=\"1184\">Die Sticker haften auf <strong data-start=\"1136\" data-end=\"1168\">fast allen glatten Oberfl\u00e4chen<\/strong> gut:<\/p>\n<ul style=\"text-align: left;\" data-start=\"1186\" data-end=\"1305\">\n<li data-start=\"1186\" data-end=\"1218\">\n<p data-start=\"1188\" data-end=\"1218\">gestrichene Wand (glatte Wandfarbe)<\/p>\n<\/li>\n<li data-start=\"1219\" data-end=\"1249\">\n<p data-start=\"1221\" data-end=\"1249\">gestrichene Raufasertapete<\/p>\n<\/li>\n<li data-start=\"1250\" data-end=\"1260\">\n<p data-start=\"1252\" data-end=\"1260\">Tapete<\/p>\n<\/li>\n<li data-start=\"1261\" data-end=\"1276\">\n<p data-start=\"1263\" data-end=\"1276\">Glas, Spiegel<\/p>\n<\/li>\n<li data-start=\"1277\" data-end=\"1284\">\n<p data-start=\"1279\" data-end=\"1284\">Metall<\/p>\n<\/li>\n<li data-start=\"1285\" data-end=\"1294\">\n<p data-start=\"1287\" data-end=\"1294\">M\u00f6bel<\/p>\n<\/li>\n<li data-start=\"1295\" data-end=\"1305\">\n<p data-start=\"1297\" data-end=\"1305\">Fliesen<\/p>\n<\/li>\n<\/ul>\n<hr data-start=\"1307\" data-end=\"1310\">\n<h2 style=\"text-align: left;\" data-start=\"1312\" data-end=\"1337\">Worauf solltest du achten?<\/h2>\n<p style=\"text-align: left;\" data-start=\"1339\" data-end=\"1422\">Damit der Sticker sch\u00f6n aussieht und lange h\u00e4lt, beachte ein paar Kleinigkeiten:<\/p>\n<ul style=\"text-align: left;\" data-start=\"1424\" data-end=\"1742\">\n<li data-start=\"1424\" data-end=\"1495\">\n<p data-start=\"1426\" data-end=\"1495\">Auf <strong data-start=\"1426\" data-end=\"1451\">frisch gestrichene W\u00e4nde<\/strong> erst nach ca. <strong data-start=\"1461\" data-end=\"1484\">6 Wochen Trocknungszeit<\/strong> kleben.<\/p>\n<\/li>\n<li data-start=\"1496\" data-end=\"1549\">\n<p data-start=\"1498\" data-end=\"1549\">Auf <strong data-start=\"1498\" data-end=\"1538\">saubere, staub- und fettfreie Oberfl\u00e4chen<\/strong> anbringen.<\/p>\n<\/li>\n<li data-start=\"1550\" data-end=\"1670\">\n<p data-start=\"1552\" data-end=\"1670\">Bei speziellen Farben (z. B. Teflon-, Latex- oder Silikonfarbe) an der Wand haftet leider kein Sticker.<\/p>\n<\/li>\n<li data-start=\"1671\" data-end=\"1742\">\n<p data-start=\"1673\" data-end=\"1742\">Auf besch\u00e4digten, aufgew\u00f6lbten oder durchn\u00e4ssten W\u00e4nden wird die Verwendung ebenfalls nicht empfohlen.<\/p>\n<\/li>\n<\/ul>\n<hr data-start=\"1744\" data-end=\"1747\">\n<h2 style=\"text-align: left;\" data-start=\"1749\" data-end=\"1769\">Anwendungstipps<\/h2>\n<ul data-start=\"1771\" data-end=\"2019\">\n<li style=\"text-align: left;\" data-start=\"1771\" data-end=\"1826\">\n<p data-start=\"1773\" data-end=\"1826\">Nicht in direkter N\u00e4he einer W\u00e4rmequelle (z. B. Heizk\u00f6rper) anbringen.<\/p>\n<\/li>\n<li style=\"text-align: left;\" data-start=\"1827\" data-end=\"1917\">\n<p data-start=\"1829\" data-end=\"1917\">Nach dem Auspacken den Sticker am besten <strong data-start=\"1866\" data-end=\"1886\">liegend lagern<\/strong>, nicht lange aufgerollt lassen.<\/p>\n<\/li>\n<li style=\"text-align: left;\" data-start=\"1918\" data-end=\"1962\">\n<p data-start=\"1920\" data-end=\"1962\">Nicht langfristig direkter Sonneneinstrahlung aussetzen.<\/p>\n<\/li>\n<li data-start=\"1963\" data-end=\"2019\">\n<p style=\"text-align: left;\" data-start=\"1965\" data-end=\"2019\">F\u00fcr kleinere Kinder unerreichbar anbringen.<\/p>\n<\/li>\n<\/ul>\n","protected":false},"excerpt":{"rendered":"<p style=\"text-align: center;\"><span style=\"font-weight: 400;\">Auf der Rennstrecke rasen bunte Autos, jedes will den Sieg. Der rote \u00fcberholt wie ein Blitz, der blaue nimmt die Kurven scharf, der gelbe f\u00e4hrt entschlossen aufs Ziel zu.  <\/span><\/p>\n<p style=\"text-align: center;\"><span style=\"font-weight: 400;\">Wer wird der Held des heutigen Rennens?<\/span><\/p>\n","protected":false},"featured_media":4816,"comment_status":"open","ping_status":"closed","template":"","meta":[],"product_brand":[],"product_cat":[53],"product_tag":[],"class_list":{"0":"post-4895","1":"product","2":"type-product","3":"status-publish","4":"has-post-thumbnail","6":"product_cat-stickydoo-sets","8":"first","9":"instock","10":"taxable","11":"shipping-taxable","12":"purchasable","13":"product-type-variable"},"_links":{"self":[{"href":"https:\/\/stickydoo.hu\/de\/wp-json\/wp\/v2\/product\/4895","targetHints":{"allow":["GET"]}}],"collection":[{"href":"https:\/\/stickydoo.hu\/de\/wp-json\/wp\/v2\/product"}],"about":[{"href":"https:\/\/stickydoo.hu\/de\/wp-json\/wp\/v2\/types\/product"}],"replies":[{"embeddable":true,"href":"https:\/\/stickydoo.hu\/de\/wp-json\/wp\/v2\/comments?post=4895"}],"wp:featuredmedia":[{"embeddable":true,"href":"https:\/\/stickydoo.hu\/de\/wp-json\/wp\/v2\/media\/4816"}],"wp:attachment":[{"href":"https:\/\/stickydoo.hu\/de\/wp-json\/wp\/v2\/media?parent=4895"}],"wp:term":[{"taxonomy":"product_brand","embeddable":true,"href":"https:\/\/stickydoo.hu\/de\/wp-json\/wp\/v2\/product_brand?post=4895"},{"taxonomy":"product_cat","embeddable":true,"href":"https:\/\/stickydoo.hu\/de\/wp-json\/wp\/v2\/product_cat?post=4895"},{"taxonomy":"product_tag","embeddable":true,"href":"https:\/\/stickydoo.hu\/de\/wp-json\/wp\/v2\/product_tag?post=4895"}],"curies":[{"name":"wp","href":"https:\/\/api.w.org\/{rel}","templated":true}]}}